{"id":18,"date":"2024-08-29T09:08:41","date_gmt":"2024-08-29T06:08:41","guid":{"rendered":"https:\/\/filmiosterbotten.fi\/?page_id=18"},"modified":"2024-08-29T09:08:41","modified_gmt":"2024-08-29T06:08:41","slug":"october-filmfest","status":"publish","type":"page","link":"https:\/\/filmiosterbotten.fi\/sv\/october-filmfest\/","title":{"rendered":"October Filmfest"},"content":{"rendered":"\n<p>October Filmfest was founded in 2009 when we noticed that there were a lot of films lying around collecting dust. Films that some filmmaker had put a lot of time and effort into, but never got the chance to show in public. With a zero-budget and less than two months to go, we found a nice venue \u2013 Ritz, five local films and one Swedish film, we did some marketing and we had created a film festival!<\/p>\n\n\n\n<p>In 2011 October Filmfest was made a part of the newly formed non-profit association Film i \u00d6sterbotten.<\/p>\n\n\n\n<p>In the future, we hope that the festival will grow and become a bit more international. We will however stay true to our original concept, which is to primarily feature local filmmakers and films.<\/p>\n\n\n\n<h3 class=\"wp-block-heading\">October Filmfest 2018<\/h3>\n\n\n\n<figure class=\"wp-block-table\"><table class=\"has-fixed-layout\"><tbody><tr><th>Title<\/th><th>Directed by<\/th><th>Play time<\/th><\/tr><tr><td>Freestyledr\u00f6mmen<\/td><td>Erik \u00c5hman<\/td><td>30\u2032<\/td><\/tr><tr><td>Hjorden<\/td><td>Inga Pohjolainen<\/td><td>20\u2032<\/td><\/tr><tr><td>En arg mors bek\u00e4nnelser<\/td><td>Catarina Diehl<\/td><td>6\u2032<\/td><\/tr><tr><td>Fem \u00f6ver midnatt<\/td><td>Markus Lindstedt<\/td><td>15\u2032<\/td><\/tr><tr><td>Hur man n\u00e4rmar sig ett stort h\u00e5l<\/td><td>Sawandi Groskind<\/td><td>20\u2032<\/td><\/tr><tr><td>2028<\/td><td>Petter Sandelin<\/td><td>25\u2032<\/td><\/tr><\/tbody><\/table><\/figure>\n\n\n\n<h3 class=\"wp-block-heading\">October Filmfest 2017<\/h3>\n\n\n\n<figure class=\"wp-block-table\"><table class=\"has-fixed-layout\"><tbody><tr><th>Title<\/th><th>Directed by<\/th><th>Play time<\/th><\/tr><tr><td>Here Before<\/td><td>Sawandi Gros\u00adkind<\/td><td>10\u2032<\/td><\/tr><tr><td>Cens\u00adored Heri\u00adtage<\/td><td>Sara Braun &amp; Britt Tully<\/td><td>3\u2032<\/td><\/tr><tr><td>Aldrig<\/td><td>Otto Mets\u00e4\u00adm\u00e4ki<\/td><td>10\u2032<\/td><\/tr><tr><td>Kuski<\/td><td>Antony Bentley<\/td><td>11\u2032<\/td><\/tr><tr><td>Ljuset<\/td><td>Marins, Nawotka &amp; Rodas<\/td><td>8\u2032<\/td><\/tr><tr><td>Glas\u00adp\u00e4rlan<\/td><td>Tommi Seita\u00adjoki<\/td><td>15\u2032<\/td><\/tr><tr><td>Spr\u00e5k\u00adfr\u00e5gan<\/td><td>Nik\u00adlas Lind\u00adgren<\/td><td>13\u2032<\/td><\/tr><tr><td>FAST<\/td><td>Ria B\u00e4ck\u00adstr\u00f6m<\/td><td>39\u2032<\/td><\/tr><tr><td>Sexshop<\/td><td>Monica Ollas<\/td><td>8\u2032<\/td><\/tr><tr><td>L\u00e5tsas K<\/td><td>Dragos Alexand\u00adrescu<\/td><td>18\u2032<\/td><\/tr><tr><td>Sandslott<\/td><td>Andreas West\u00ader\u00adberg<\/td><td>10\u2032<\/td><\/tr><\/tbody><\/table><\/figure>\n\n\n\n<h3 class=\"wp-block-heading\">October Filmfest 2016<\/h3>\n\n\n\n<figure class=\"wp-block-table\"><table class=\"has-fixed-layout\"><tbody><tr><th>Title<\/th><th>Directed by<\/th><\/tr><tr><td>Skapa din egen film<\/td><td>Korsholms vuxeninstitut<\/td><\/tr><tr><td>Dick Chopper \u2013 Private detective<\/td><td>Otto Andersson<\/td><\/tr><tr><td>One More Time (USA)<\/td><td>FC Rabbath<\/td><\/tr><tr><td>Victor Lebrun? (FRA)<\/td><td>Patrice Soufflard<\/td><\/tr><tr><td>Hysterikon<\/td><td>Ricky Lind\u00e9n<\/td><\/tr><tr><td>Life Is Now<\/td><td>Vanessa Vandy<\/td><\/tr><tr><td>\u00c4r det f\u00f6r mycket beg\u00e4rt?<\/td><td>Andreas Westerberg<\/td><\/tr><tr><td>Tredje dejten<\/td><td>Herman Karlsson<\/td><\/tr><tr><td>Goldfish Love<\/td><td>Elin Gr\u00f6nblom<\/td><\/tr><tr><td>Ivankallan<\/td><td>Alfred Backa<\/td><\/tr><\/tbody><\/table><\/figure>\n\n\n\n<h3 class=\"wp-block-heading\">October Filmfest 2015<\/h3>\n\n\n\n<figure class=\"wp-block-table\"><table class=\"has-fixed-layout\"><thead><tr><th>Title<\/th><th>Directed by<\/th><\/tr><\/thead><tbody><tr><td>Juha Rinnekari<\/td><td>Isoviha\/Den stora ofreden<\/td><\/tr><tr><td>Anders Englund<\/td><td>Rolf \u2013 ett \u00e5tg\u00e4rdstillst\u00e5nd<\/td><\/tr><tr><td>Nurri Kim<\/td><td>Tender<\/td><\/tr><tr><td>John R\u00e5holm<\/td><td>Fitnesstrillingarna<\/td><\/tr><tr><td>Andreas Westerberg<\/td><td>Guldklockan<\/td><\/tr><tr><td>Ricky Lind\u00e9n<\/td><td>Maskinm\u00e4nniskor<\/td><\/tr><tr><td>Andreas Westerberg<\/td><td>Nyman<\/td><\/tr><tr><td>Siri Andersson<\/td><td>Den Unge Tobbes Lidanden<\/td><\/tr><tr><td>Malin Alm\u00e9n (Crossing Borders, SWE)<\/td><td>Supermommo<\/td><\/tr><tr><td>M\u00e5ns Berthas (Crossing Borders, SWE)<\/td><td>Champion<\/td><\/tr><tr><td>Suzi Yoonessi (USA)<\/td><td>Olive and Mocha<\/td><\/tr><\/tbody><\/table><\/figure>\n\n\n\n<h3 class=\"wp-block-heading\">October Filmfest 2014<\/h3>\n\n\n\n<figure class=\"wp-block-table\"><table class=\"has-fixed-layout\"><thead><tr><th>Title<\/th><th>Directed by<\/th><\/tr><\/thead><tbody><tr><td>G\u00e5rrpojka<\/td><td>Kim Viitanen &amp; Anders Djupsj\u00f6backa<\/td><\/tr><tr><td>Ov\u00e4rdet<\/td><td>Gustav Hillbom<\/td><\/tr><tr><td>I\u2019m a lucky guy<\/td><td>Lina Almekvist<\/td><\/tr><tr><td>F\u00f6rsvinna\/Vanquish<\/td><td>Anna-Sofia Nylund<\/td><\/tr><tr><td>Two of hearts<\/td><td>Staffan Gr\u00e4sbeck<\/td><\/tr><tr><td>Dancing Queen<\/td><td>Isabella Segercrantz<\/td><\/tr><tr><td>Bygden<\/td><td>Laura Mendelin<\/td><\/tr><tr><td>Kaistinen<\/td><td>Guy Rosenholm &amp; Matias Norrgrann<\/td><\/tr><\/tbody><\/table><\/figure>\n\n\n\n<h3 class=\"wp-block-heading\">October Filmfest 2013<\/h3>\n\n\n\n<figure class=\"wp-block-table\"><table class=\"has-fixed-layout\"><thead><tr><th>Title<\/th><th>Directed by<\/th><th>Play time<\/th><\/tr><\/thead><tbody><tr><td>Sulaiman<\/td><td>Sawandi Groskind<\/td><td>15\u2033<\/td><\/tr><tr><td>Oh\u00e5llbart<\/td><td>Richard Bj\u00f6rklund<\/td><td>16\u2033<\/td><\/tr><tr><td>Sugardaddy<\/td><td>Jonas Tallg\u00e5rd<\/td><td>13\u2033<\/td><\/tr><tr><td>Sagan om traktorringin<\/td><td>Alfred Backa<\/td><td>30\u2033<\/td><\/tr><tr><td>Snorklaren fr\u00e5n Malgomaj<\/td><td>Linnea Sigurdson<\/td><td>13\u2033<\/td><\/tr><tr><td>Delad k\u00e4rlek<\/td><td>Daniel Rudstedt<\/td><td>9\u2033<\/td><\/tr><tr><td>Sugardaddy II<\/td><td>Jonas Tallg\u00e5rd<\/td><td>28\u2033<\/td><\/tr><tr><td>Future 2013<\/td><td>Otto Andersson<\/td><td>8\u2033<\/td><\/tr><tr><td>Ingen tid f\u00f6r oss<\/td><td>Thim Riback<\/td><td>14\u2033<\/td><\/tr><tr><td>Ta av mig<\/td><td>Victor Lindgren<\/td><td>15\u2033<\/td><\/tr><tr><td>Olika lokal sakr\u00e4<\/td><td>Anders Djupsj\u00f6backa, Kim Viitanen<\/td><td>15\u2033<\/td><\/tr><\/tbody><\/table><\/figure>\n\n\n\n<h3 class=\"wp-block-heading\">October Filmfest 2012<\/h3>\n\n\n\n<figure class=\"wp-block-table\"><table class=\"has-fixed-layout\"><thead><tr><th>Title<\/th><th>Directed by<\/th><th>Play time<\/th><\/tr><\/thead><tbody><tr><td>Man f\u00e5r s\u00e4ga udda<\/td><td>Anna-Sofia Nylund<\/td><td>25\u2033<\/td><\/tr><tr><td>Please wait on yourself<\/td><td>Johan Stolpe<\/td><td>4\u2033<\/td><\/tr><tr><td>Sv\u00e4ll<\/td><td>Richard Bj\u00f6rklund<\/td><td>8\u2033<\/td><\/tr><tr><td>Drottningen av \u00c5land<\/td><td>Tage R\u00f6nnqvist<\/td><td>3\u2033<\/td><\/tr><tr><td>Djurens dag<\/td><td>Tommi Seitajoki<\/td><td>23\u2033<\/td><\/tr><tr><td>The imperfectionist<\/td><td>\u00c5sa Lucander &amp; Victoria Kitchingman<\/td><td>3\u2033<\/td><\/tr><tr><td>Traktor<\/td><td>Johan Stolpe<\/td><td>3\u2033<\/td><\/tr><tr><td>Menuett<\/td><td>Jukka-Rajala Granstubb<\/td><td>10\u2033<\/td><\/tr><tr><td>Inga fler ord<\/td><td>Jerker Beckman<\/td><td>18\u2033<\/td><\/tr><tr><td>Mansgris<\/td><td>Jonas Tallg\u00e5rd<\/td><td>7\u2033<\/td><\/tr><tr><td>Las Palmas<\/td><td>Johannes Nyholm<\/td><td>13\u2033<\/td><\/tr><tr><td>Smanderoon! With a vengeance<\/td><td>Tobias Ahlgren<\/td><td>58\u2033<\/td><\/tr><tr><td>Observerade<\/td><td>Anna-Sofia Nylund<\/td><td>25\u2033<\/td><\/tr><\/tbody><\/table><\/figure>\n\n\n\n<h3 class=\"wp-block-heading\">October Filmfest 2011<\/h3>\n\n\n\n<figure class=\"wp-block-table\"><table class=\"has-fixed-layout\"><thead><tr><th>Title<\/th><th>Directed by<\/th><th>Play time<\/th><\/tr><\/thead><tbody><tr><td>The path of Edvin<\/td><td>Klas Fransberg<\/td><td>20\u2033<\/td><\/tr><tr><td>Love. Utopia. Economy.<\/td><td>Dragos Alexandrescu<\/td><td>10\u2033<\/td><\/tr><tr><td>Kyla<\/td><td>Mathias L\u00f6nnstr\u00f6m<\/td><td>4\u2033<\/td><\/tr><tr><td>Ladybug<\/td><td>Lasse Vairio<\/td><td>5\u2033<\/td><\/tr><tr><td>Aurora faller<\/td><td>Carolin Koss<\/td><td>10\u2033<\/td><\/tr><tr><td>Kent fr\u00e5n Jeppis (preview)<\/td><td>Johan Fagerudd<\/td><td>12\u2033<\/td><\/tr><tr><td>Liv<\/td><td>Johan Karrento<\/td><td>15\u2033<\/td><\/tr><tr><td>Kylm\u00e4n syli<\/td><td>Otto Andersson<\/td><td>30\u2033<\/td><\/tr><tr><td>Jarmo &amp; Jorma<\/td><td>Carolin Koss<\/td><td>17\u2033<\/td><\/tr><tr><td>Sten<\/td><td>Oscar Hagen<\/td><td>29\u2033<\/td><\/tr><tr><td>Shakespeare i sk\u00e4ren<\/td><td>Johan Fagerudd, Ylva Ekblad, Stina Ekblad, Henrik Thorson<\/td><td>30\u2033<\/td><\/tr><tr><td>Den gamle och hatet<\/td><td>Johan Stolpe<\/td><td>15\u2033<\/td><\/tr><\/tbody><\/table><\/figure>\n","protected":false},"excerpt":{"rendered":"<p>October Filmfest was founded in 2009 when we noticed that there were a lot of films lying around collecting dust. Films that some filmmaker had put a lot of time and effort into, but never got the chance to show in public. With a zero-budget and less than two months to go, we found a [&hellip;]<\/p>\n","protected":false},"author":1,"featured_media":0,"parent":0,"menu_order":0,"comment_status":"closed","ping_status":"closed","template":"","meta":{"footnotes":""},"class_list":["post-18","page","type-page","status-publish","hentry"],"_links":{"self":[{"href":"https:\/\/filmiosterbotten.fi\/sv\/wp-json\/wp\/v2\/pages\/18","targetHints":{"allow":["GET"]}}],"collection":[{"href":"https:\/\/filmiosterbotten.fi\/sv\/wp-json\/wp\/v2\/pages"}],"about":[{"href":"https:\/\/filmiosterbotten.fi\/sv\/wp-json\/wp\/v2\/types\/page"}],"author":[{"embeddable":true,"href":"https:\/\/filmiosterbotten.fi\/sv\/wp-json\/wp\/v2\/users\/1"}],"replies":[{"embeddable":true,"href":"https:\/\/filmiosterbotten.fi\/sv\/wp-json\/wp\/v2\/comments?post=18"}],"version-history":[{"count":1,"href":"https:\/\/filmiosterbotten.fi\/sv\/wp-json\/wp\/v2\/pages\/18\/revisions"}],"predecessor-version":[{"id":19,"href":"https:\/\/filmiosterbotten.fi\/sv\/wp-json\/wp\/v2\/pages\/18\/revisions\/19"}],"wp:attachment":[{"href":"https:\/\/filmiosterbotten.fi\/sv\/wp-json\/wp\/v2\/media?parent=18"}],"curies":[{"name":"wp","href":"https:\/\/api.w.org\/{rel}","templated":true}]}}